{"id":17,"date":"2015-01-12T12:30:01","date_gmt":"2015-01-12T11:30:01","guid":{"rendered":"http:\/\/fumay.zzillezz.net\/?page_id=17"},"modified":"2021-02-17T17:31:03","modified_gmt":"2021-02-17T16:31:03","slug":"in-de-buurt","status":"publish","type":"page","link":"https:\/\/www.lafumacienne.com\/?page_id=17","title":{"rendered":"In de buurt"},"content":{"rendered":"<p>Vanaf La Fumacienne kan je mooie wandelingen maken, maar ook hardlopen of fietsen. De Maas ligt op wandelafstand, waarlangs je via de &#8216;<strong><a href=\"http:\/\/www.voiesvertes.com\/htm\/departement08.htm\" target=\"_blank\" rel=\"noopener\">Voie Verte<\/a><\/strong>&#8216; in beide richtingen +\/-40 km onbeperkt kunt fietsen en wandelen van Givet tot in Charleville-M\u00e9zi\u00e8res. Deze Voie Verte werd uitgeroepen tot een van de mooiste fietspaden van Europa. Dat groene spoor is aangelegd langs de machtige Maas en brengt je langs enkele parels van de Franse Ardennen. Vlaanderen Vakantieland wijdde er met Nic Balthazar een aparte aflevering aan: <a href=\"https:\/\/www.youtube.com\/watch?v=GA7k5ArkBTU\" target=\"_blank\" rel=\"noopener\">Fietsen langs de Voie Verte<\/a>. Meer informatie kan u <a href=\"http:\/\/nl.france.fr\/nl\/tips\/fietsen-langs-maas\" target=\"_blank\" rel=\"noopener\">hier<\/a> en <a href=\"http:\/\/www.voiesvertes.com\/htm\/departement08.htm\" target=\"_blank\" rel=\"noopener\">hier<\/a> vinden.<\/p>\n<p>Als je eventjes met de auto rijdt, zijn er ontelbare mogelijkheden voor wandelingen en fietstochten. In de documentatiemap in de vakantiewoning vind je boekjes met uitgestippelde wandelingen en stafkaarten. Of breng een bezoek aan<span style=\"color: #ff0000;\"> <a style=\"color: #ff0000;\" href=\"http:\/\/www.valdardennetourisme.com\">l&#8217; Office de tourisme<\/a><\/span> in Vireux- Wallerand dat de hele regio bedient<span style=\"color: #339966;\">.<\/span><\/p>\n<p>Voor wie houdt van een stadsbezoek of historische monumenten zijn volgende plaatsen zeker de moeite waard:<\/p>\n<p>&#8211;\u00a0<strong><a href=\"http:\/\/www.otrocroi.com\" target=\"_blank\" rel=\"noopener\">Rocroi<\/a><\/strong> gebouwd in een stervorm met een dubbele verdedigingswal.<br \/>\n&#8211; <strong><a href=\"http:\/\/www.montherme.fr\" target=\"_blank\" rel=\"noopener\">Montherm\u00e9<\/a><\/strong> met zijn prachtige rotsformaties<span style=\"color: #339966;\"> \u00a0 \u00a0 \u00a0 \u00a0 \u00a0 \u00a0 \u00a0 \u00a0 \u00a0 \u00a0 \u00a0 \u00a0 \u00a0 <\/span><span style=\"color: #000000;\"><br \/>\n&#8211; <a href=\"http:\/\/www.tracegps.com\/fr\/parcours\/circuit6381.htm\" target=\"_blank\" rel=\"noopener\"><strong>Haybes<\/strong><\/a> en zijn oorlogsverleden<\/span><span style=\"color: #339966;\"> \u00a0 \u00a0 \u00a0\u00a0 <\/span><span style=\"color: #000000;\"><br \/>\n&#8211; <strong><a href=\"http:\/\/www.chateau-fort-sedan.fr\/nl\" target=\"_blank\" rel=\"noopener\">Sedan<\/a><\/strong>,<strong>\u00a0<\/strong>de stad met de grootste burcht van Europa<\/span><span style=\"color: #339966;\"> \u00a0<\/span><strong><span style=\"color: #339966;\"> \u00a0 \u00a0\u00a0 <\/span><\/strong><span style=\"color: #339966;\"><span style=\"color: #000000;\"><br \/>\n&#8211; <\/span><\/span><strong><strong><span style=\"color: #000000;\"><a href=\"http:\/\/nederlands.charleville-mezieres.org\/\" target=\"_blank\" rel=\"noopener\">Charleville-M\u00e9zi\u00e8res<\/a><\/span><\/strong><\/strong><span style=\"color: #000000;\">, de barokke dubbelstad<\/span> <span style=\"color: #339966;\"><span style=\"color: #000000;\">met het beroemde <\/span><\/span><br \/>\n<span style=\"color: #339966;\"><span style=\"color: #000000;\">\u00a0 \u00a0Place Ducale en zijn marionettentheater<\/span><\/span><span style=\"color: #339966;\"> \u00a0 \u00a0 \u00a0 \u00a0 \u00a0 \u00a0 \u00a0 \u00a0 \u00a0 \u00a0 \u00a0 \u00a0 \u00a0 \u00a0 \u00a0 \u00a0 \u00a0 \u00a0 \u00a0 \u00a0 \u00a0 \u00a0 \u00a0 \u00a0 \u00a0 \u00a0 \u00a0\u00a0 <\/span><span style=\"color: #339966;\"><span style=\"color: #000000;\"><br \/>\n&#8211; \u00a0<strong><span style=\"text-decoration: underline;\">Vireux-Wallerand<\/span>\u00a0,<\/strong>waar een \u00a0mooie wandeling<\/span><\/span><br \/>\n<span style=\"color: #339966;\"><span style=\"color: #000000;\">\u00a0 \u00a0naar het Camp Romain geschiedenis en natuur samenbrengt<br \/>\n&#8211; <\/span><strong><a href=\"http:\/\/www.hierges.com\/?lang=nl\" target=\"_blank\" rel=\"noopener\">Hierges<\/a><\/strong><\/span><span style=\"color: #339966;\"><span style=\"color: #000000;\">, \u00e9\u00e9n\u00a0van de mooiste dorpjes van\u00a0Frankrijk\u00a0<\/span><\/span><span style=\"color: #000000;\"><br \/>\n&#8211; <\/span><span style=\"text-decoration: underline;\"><strong><span style=\"color: #000000;\"><strong>\u00a0Givet<\/strong>\u00a0<\/span><\/strong><\/span><span style=\"color: #000000;\">met zijn vele restaurants en terrasjes<\/span> <span style=\"color: #339966;\">(<a style=\"color: #339966;\" href=\"http:\/\/www.france-voyage.com\/tourism\/givet-1982.htm\" target=\"_blank\" rel=\"noopener\">Givet<\/a><\/span><span style=\"color: #339966;\">\u00a0)<\/span><\/p>\n<p>Informatie vind je volop via <span style=\"color: #339966;\"><a style=\"color: #339966;\" href=\"http:\/\/euroreizen.be\" target=\"_blank\" rel=\"noopener\">Euroreizen<\/a><\/span> en hun &#8216;Auto- en motorrondrit: 4-daagse Franse Ardennen&#8217; en via <a href=\"http:\/\/nl.ardennes.com\" target=\"_blank\" rel=\"noopener\"><span style=\"color: #339966;\">de toeristische website van de Franse Ardennen<\/span><\/a>.<\/p>\n<p>Andere activiteiten:<\/p>\n<p><a href=\"http:\/\/www.terraltitude.com\/nl\/\" target=\"_blank\" rel=\"noopener\"><strong>TerrAltitude<\/strong><\/a>: avonturenpark in Fumay zelf, voor de durvers! Paintball, bungee, parcours in de bomen, fantasticable.<\/p>\n<p><a href=\"https:\/\/www.google.be\/search?q=lac+des+vieilles+forges&amp;safe=off&amp;biw=1440&amp;bih=740&amp;source=lnms&amp;tbm=isch&amp;sa=X&amp;ei=WqOgVbKtHOq6ygOvlIywDA&amp;ved=0CAgQ_AUoAg\" target=\"_blank\" rel=\"noopener\"><strong>Lac des Vieilles Forges<\/strong><\/a>: een prachtig meer waar je kan zwemmen, zeilen, vissen. Of gewoon rustig op het zand liggen. Op slechts 20 minuten rijden.<\/p>\n<p><a href=\"http:\/\/www.elfypark.fr\/\" target=\"_blank\" rel=\"noopener\"><strong>Elfy Park<\/strong><\/a>, gelegen in de bossen aan het Lac des Vieilles Forges, is een avonturenpark waar zowel jongeren als ouderen zich kunnen uitleven. Talloze leuke en veilige attracties in een heel mooi kader! Aanrader.<\/p>\n<p><em><strong>Aventure \u2013 Evasion:<\/strong><\/em>\u00a0 sport en ontspanning met een gids, ook team-building voor grote en kleine groepen. <span style=\"color: #339966;\">(<a style=\"color: #339966;\" href=\"http:\/\/www.aventure-evasion.com\">www.aventure-evasion.com<\/a>\/)<\/span><\/p>\n<p><em><strong>Zwemmen: <\/strong><\/em>Centre aqualudique \u00a0Riv\u00e9a \u00e0 Givet <span style=\"color: #339966;\">(<a style=\"color: #339966;\" href=\"http:\/\/www.rivea.fr\" target=\"_blank\" rel=\"noopener\">www.rivea.fr<\/a>)<\/span>\u00a0en het zwembad van Fumay (overdekt, met een wedstrijdbad van 20m x8m, een recreatiebad met whirlpool, massagestralen, waterkanon, zwemmen tegen de stroom in, 30m waterglijbaan.<\/p>\n<p><em><strong>Varen op de Maas:<br \/>\n<\/strong><\/em>\u00a0&#8211; huur zelf een elektrische boot in Haybes; Vireux, of Givet\u2026 5-7<br \/>\nplaatsen (vaarbewijs niet nodig). Wend je telkens tot de dienst &#8216;Capitainerie&#8217;aan het water.<br \/>\n&#8211; Rondvaarten met met de luxueuze &#8216;Le Charlemagne&#8217;, een boot die de mogelijkheid biedt om een rondvaart te\u00a0combineren met een restaurantbezoek <span style=\"color: #339966;\">(<a style=\"color: #339966;\" href=\"http:\/\/croisieres-charlemagne.com\" target=\"_blank\" rel=\"noopener\">croisi\u00e8res-charlemagne<\/a>.com<\/span> )<br \/>\n&#8211; verhuur cano\u00eb\/kayak: vallei van de Maas &amp; Semois<br \/>\n(<span style=\"color: #339966;\"><a style=\"color: #339966;\" href=\"http:\/\/www.caravel08.com\">www.caravel08.com<\/a><\/span>\u00a0)<\/p>\n<p><em><strong>Parapente met twee:\u00a0<\/strong><\/em>vanaf 20-40\u20ac afhankelijk van de duur van de vlucht. <span style=\"color: #339966;\">(<a style=\"color: #339966;\" href=\"http:\/\/www.pap08.eu\/accueil.htm\" target=\"_blank\" rel=\"noopener\">www.pap08.eu\/accueil.htm<\/a>)<\/span><\/p>\n<p><em><strong>Vissen in de Maas: \u00a0 \u00a0 \u00a0 \u00a0 \u00a0 \u00a0 \u00a0 \u00a0 \u00a0 \u00a0 \u00a0 \u00a0 \u00a0 \u00a0 \u00a0 \u00a0 \u00a0 \u00a0 \u00a0 \u00a0 \u00a0 \u00a0 \u00a0 \u00a0 \u00a0 \u00a0 \u00a0 \u00a0 \u00a0 \u00a0 \u00a0 \u00a0 \u00a0 \u00a0 \u00a0 \u00a0 \u00a0 \u00a0 \u00a0 \u00a0 \u00a0 \u00a0 \u00a0 \u00a0 \u00a0 \u00a0 \u00a0<\/strong><\/em>Dagvergunning : +\/-10\u20ac. Inlichtingen : F\u00e9d\u00e9ration pour la p\u00eache tel nr 0(033)324 56 41 32<\/p>\n","protected":false},"excerpt":{"rendered":"<p>Vanaf La Fumacienne kan je mooie wandelingen maken, maar ook hardlopen of fietsen. De Maas ligt op wandelafstand, waarlangs je via de &#8216;Voie Verte&#8216; in beide richtingen +\/-40 km onbeperkt kunt fietsen en wandelen van Givet tot in Charleville-M\u00e9zi\u00e8res. Deze Voie Verte werd uitgeroepen tot een van de mooiste fietspaden van Europa. Dat groene spoor&hellip; <a class=\"more-link\" href=\"https:\/\/www.lafumacienne.com\/?page_id=17\">Lees verder <span class=\"screen-reader-text\">In de buurt<\/span><\/a><\/p>\n","protected":false},"author":1,"featured_media":0,"parent":0,"menu_order":0,"comment_status":"closed","ping_status":"closed","template":"","meta":{"footnotes":""},"class_list":["post-17","page","type-page","status-publish","hentry","entry"],"_links":{"self":[{"href":"https:\/\/www.lafumacienne.com\/index.php?rest_route=\/wp\/v2\/pages\/17","targetHints":{"allow":["GET"]}}],"collection":[{"href":"https:\/\/www.lafumacienne.com\/index.php?rest_route=\/wp\/v2\/pages"}],"about":[{"href":"https:\/\/www.lafumacienne.com\/index.php?rest_route=\/wp\/v2\/types\/page"}],"author":[{"embeddable":true,"href":"https:\/\/www.lafumacienne.com\/index.php?rest_route=\/wp\/v2\/users\/1"}],"replies":[{"embeddable":true,"href":"https:\/\/www.lafumacienne.com\/index.php?rest_route=%2Fwp%2Fv2%2Fcomments&post=17"}],"version-history":[{"count":112,"href":"https:\/\/www.lafumacienne.com\/index.php?rest_route=\/wp\/v2\/pages\/17\/revisions"}],"predecessor-version":[{"id":1219,"href":"https:\/\/www.lafumacienne.com\/index.php?rest_route=\/wp\/v2\/pages\/17\/revisions\/1219"}],"wp:attachment":[{"href":"https:\/\/www.lafumacienne.com\/index.php?rest_route=%2Fwp%2Fv2%2Fmedia&parent=17"}],"curies":[{"name":"wp","href":"https:\/\/api.w.org\/{rel}","templated":true}]}}