{"id":393,"date":"2015-01-12T12:30:01","date_gmt":"2015-01-12T11:30:01","guid":{"rendered":"http:\/\/www.lafumacienne.be\/in-de-buurt\/?lang=fr"},"modified":"2021-02-18T10:27:31","modified_gmt":"2021-02-18T09:27:31","slug":"in-de-buurt-2","status":"publish","type":"page","link":"https:\/\/www.lafumacienne.com\/?page_id=393","title":{"rendered":"Dans les environs"},"content":{"rendered":"<p>A partir de la maison vous pouvez faire de jolies promenades, mais aussi faire de la course \u00e0 pied ou de longues parcours en v\u00e9lo.<br \/>\nLa Meuse, \u00e0 20 m\u00e8tres de &#8216;La Fumacienne&#8217; vous offre la possibilit\u00e9 d&#8217;un acc\u00e8s direct \u00e0 la&nbsp;&#8216;<strong><a href=\"http:\/\/www.voiesvertes.com\/htm\/departement08.htm\" target=\"_blank\" rel=\"noopener\">Voie Verte<\/a><\/strong>&#8216;, \u00e9lue comme une des meilleures pistes de l&#8217;Europe par un jury de journalistes n\u00e9erlandais &nbsp;+\/-40 km dans les deux sens de Givet jusqu&#8217;\u00e0 Charleville-M\u00e9zi\u00e8res.<\/p>\n<p>Cette Voie Verte &nbsp;vous invite \u00e0 la d\u00e9tente au milieu de paysages allant de somptueuses for\u00eats, th\u00e9\u00e2tres de merveilleuses et myst\u00e9rieuses l\u00e9gendes des Ardennes, aux fa\u00e7ades blondes de la place Ducale de Charleville-M\u00e9zi\u00e8res.<\/p>\n<p>En utilisant la voiture il y a dans les environs de nombreuses possibilit\u00e9s pour faire d&#8217;innombrables promenades ou parcours en v\u00e9lo. A consulter la documentation dans la maison laiss\u00e9e \u00e0 votre disposition ou rendre visite \u00e0 <strong>&nbsp;<span style=\"color: #339966;\"><a style=\"color: #339966;\" href=\"http:\/\/www.valdardennetourisme.com\">l&#8217; Office de tourisme<\/a><\/span><\/strong>&nbsp;\u00e0 <span style=\"text-decoration: underline;\">Vireux-Wallerand<\/span> qui fonctionne pour toute la r\u00e9gion.<\/p>\n<p>Pour ceux qui aiment les villes ou monuments historiques nous vous proposons de visiter les endroits charmants comme:<\/p>\n<p style=\"text-align: left;\">&nbsp;<strong><a href=\"http:\/\/www.otrocroi.com\" target=\"_blank\" rel=\"noopener\">Rocroi<\/a><\/strong>&nbsp;: ville \u00e9toil\u00e9e avec son urbanisme et son architecture militaire<br \/>\n<strong><a href=\"http:\/\/www.montherme.fr\" target=\"_blank\" rel=\"noopener\">Montherm\u00e9<\/a><\/strong>&nbsp;: un paysage de carte postale \u00e0 admirer depuis la Roche \u00e0 Sept Heures ou la Longue Roche<span style=\"color: #339966;\">&nbsp; &nbsp; &nbsp; &nbsp; &nbsp; &nbsp; &nbsp; &nbsp; &nbsp; &nbsp; &nbsp; &nbsp;&nbsp;<\/span><span style=\"color: #000000;\"><br \/>\n<a href=\"http:\/\/www.tracegps.com\/fr\/parcours\/circuit6381.htm\" target=\"_blank\" rel=\"noopener\"><strong>Haybes<\/strong><\/a>&nbsp;: \u00e9galement connue sous l&#8217;appellation &#8220;Haybes-la-Rose&#8221; ou<br \/>\nHaybes-la-jolie&#8221;, Haybes est enchantant. Les toitures aux teintes nuanc\u00e9es de rose et de blue ou bien encore la charmante place de l&#8217;h\u00f4tel de ville , mais aussi la for\u00eat avoisinante&#8230;.<\/span><span style=\"color: #339966;\">&nbsp; &nbsp; &nbsp; &nbsp;&nbsp;<\/span><span style=\"color: #000000;\"><br \/>\n<strong><a href=\"http:\/\/www.chateau-fort-sedan.fr\/nl\" target=\"_blank\" rel=\"noopener\">Sedan<\/a>&nbsp;<\/strong>:&nbsp;voyager dans le temps en visitant le plus grand ch\u00e2teau d&#8217;Europe et les rues de l&#8217;ancienne Principaut\u00e9<\/span><strong><span style=\"color: #339966;\">&nbsp; &nbsp;<\/span><\/strong><span style=\"color: #339966;\"><span style=\"color: #000000;\"><br \/>\n<\/span><\/span><strong><strong><span style=\"color: #000000;\"><a href=\"http:\/\/nederlands.charleville-mezieres.org\/\" target=\"_blank\" rel=\"noopener\">Charleville-M\u00e9zi\u00e8res<\/a>&nbsp;<\/span><\/strong><\/strong><span style=\"color: #000000;\">: visitez la ville d&#8217;Arthur Rimbaud, du Festival mondial des Marionnettes et du festival Cabaret Vert.<\/span><span style=\"color: #000000;\">&nbsp; &nbsp; &nbsp; &nbsp; &nbsp; Certainement \u00e0 voir: la place Ducale.<\/span><span style=\"color: #339966;\"><span style=\"color: #000000;\">&nbsp;<\/span><\/span><\/p>\n<p style=\"text-align: left;\"><span style=\"color: #339966;\"><span style=\"color: #000000;\">Des villages pittoresques comme<\/span><\/span><span style=\"text-decoration: underline;\"><strong> Vireux-Wallerand<\/strong><\/span><span style=\"color: #339966;\"><span style=\"color: #000000;\"> ou une promenade au Camp Romain s&#8217;impose pour d\u00e9couvrir histoire et nature en m\u00eame temps et &nbsp;<\/span><strong><a href=\"http:\/\/www.hierges.com\/?lang=nl\" target=\"_blank\" rel=\"noopener\">Hierges<\/a><\/strong><\/span><span style=\"color: #339966;\"><span style=\"color: #000000;\">, un des plus beau villages de la France.&nbsp;<\/span><\/span><span style=\"color: #000000;\">N&#8217;oublions pas la ville de <\/span><strong><span style=\"color: #000000;\"><strong>&nbsp;<span style=\"text-decoration: underline;\">Givet<\/span><\/strong>&nbsp;<\/span><\/strong><span style=\"color: #000000;\">avec ses nombreux terrasses et petits restaurants<\/span><span style=\"color: #000000;\">&nbsp;<\/span>&nbsp;<span style=\"color: #339966;\">(<a style=\"color: #339966;\" href=\"http:\/\/www.france-voyage.com\/tourism\/givet-1982.htm\" target=\"_blank\" rel=\"noopener\">Givet<\/a><\/span><span style=\"color: #339966;\">&nbsp;)<\/span><\/p>\n<p><strong>Autres activit\u00e9s:<\/strong><\/p>\n<p><a href=\"http:\/\/www.terraltitude.com\/nl\/\" target=\"_blank\" rel=\"noopener\"><strong>TerrAltitude<\/strong><\/a>: sensations fortes et loisirs sportifs pour petits et grands. Envie de tester vos limites? Essayer la tour de saut \u00e0 l&#8217;\u00e9lastique de 20 m et le Free-Jump depuis un plongeoir de 8 m\u00e8tres vous plongez dans un matelas g\u00e9ant. Besoin de planer? Volez &nbsp;au-dessus de la Meuse \u00e0 plus de 100 km\/h avec le Fantasticable, la plus grande tyrolienne g\u00e9ante du nord de la France.<\/p>\n<p><a href=\"https:\/\/www.google.be\/search?q=lac+des+vieilles+forges&amp;safe=off&amp;biw=1440&amp;bih=740&amp;source=lnms&amp;tbm=isch&amp;sa=X&amp;ei=WqOgVbKtHOq6ygOvlIywDA&amp;ved=0CAgQ_AUoAg\" target=\"_blank\" rel=\"noopener\"><strong>Lac des Vieilles Forges<\/strong><\/a>: bord\u00e9 de for\u00eats, de prairies champ\u00eatres et entour\u00e9 de collines. Sa forme longiligne lui permet d&#8217;accueillir de nombreuses comp\u00e9titions nautiques et offre une remarquable base de loisirs sur les berges: sports nautiques, aire de 1.000 m2 pour les concerts, les spectacles et les rencontres sportives.<\/p>\n<p><strong><a href=\"http:\/\/www.elfypark.fr\/\" target=\"_blank\" rel=\"noopener\">Elfy Park<\/a>&nbsp;:<\/strong>&nbsp;accessible aux enfants \u00e0 partir de 2 ans, ce parc f\u00e9erique propose une multitude de jeux m\u00ealant ludique et p\u00e9dagogique: luge d&#8217;\u00e9t\u00e9, cabanes perch\u00e9es, mer de filets, karts \u00e0 p\u00e9dales, tyroliennes, toboggans, ch\u00e2teau gonflable, jeux sonores, espace contes&#8230;<\/p>\n<p><em><strong>Aventure \u2013 Evasion:<\/strong><\/em>&nbsp;sports et loisirs en plein air, aussi pour groupes, avec ou sans guide. <span style=\"color: #339966;\">(<a style=\"color: #339966;\" href=\"http:\/\/www.aventure-evasion.com\">www.aventure-evasion.com<\/a>\/)<\/span><\/p>\n<p><em><strong>Baignade:&nbsp;<\/strong><\/em><span style=\"text-decoration: underline;\">Centre aqualudique Givet<\/span> <span style=\"color: #339966;\">(<a style=\"color: #339966;\" href=\"http:\/\/www.rivea.fr\" target=\"_blank\" rel=\"noopener\">www.rivea.fr<\/a>)<\/span> et &nbsp;la piscine de Fumay couvert et equip\u00e9 d&#8217;un bassin principale de 20 x 8m, avec une eau chauff\u00e9e \u00e0 28\u00b0 toute l&#8217;ann\u00e9e. A c\u00f4t\u00e9 se trouve une partie ludique avec banquette bouillonnante, jets massants,canon \u00e0 eau, nage \u00e0 contre-courant. Un toboggan de 30 m\u00e8tres avec bassin de r\u00e9ception et une plage v\u00e9g\u00e9tales accessible par beau temps compl\u00e9tant cet \u00e9quipement .<\/p>\n<p><em><strong>En bateau sur la Meuse:<\/strong><\/em><br \/>\n&#8211; louer vous-m\u00eame un bateau \u00e9lectrique \u00e0 Haybes; Vireux, ou Givet\u2026<br \/>\n5-7 places (sans permis). Adressez-vous au service &#8216;Capitainerie&#8217;<br \/>\nsur le quai au bord de l&#8217;eau.<br \/>\n&#8211; Croisi\u00e8re en bateau&nbsp;avec le luxueux &#8216;Le Charlemagne&#8217;, <span style=\"color: #339966;\"><a style=\"color: #339966;\" href=\"http:\/\/www.croisieres-charlemagne.com\">http:\/\/www.croisieres-charlemagne.com<\/a><\/span>, un bateau permettant<br \/>\nde combiner&nbsp;une croisi\u00e8re avec les services du restaurant. &nbsp;<span style=\"color: #339966;\"><a style=\"color: #339966;\" href=\"http:\/\/caravel08.com\" target=\"_blank\" rel=\"noopener\"><br \/>\n<\/a><\/span><a href=\"http:\/\/caravel08.com\" target=\"_blank\" rel=\"noopener\">&#8211; location de &nbsp;cano\u00eb\/kayak: vall\u00e9e de la Meuse &amp; Semois<\/a> <span style=\"color: #339966;\"><a style=\"color: #339966;\" href=\"http:\/\/caravel08.com\" target=\"_blank\" rel=\"noopener\">www.caravel08.com<\/a><\/span><\/p>\n<p><em><strong>Parapente \u00e0 deux: <\/strong>\u00e0 partir de<\/em>&nbsp;20-40\u20ac d\u00e9pendant de la dur\u00e9e du vol. <span style=\"color: #339966;\">(<a style=\"color: #339966;\" href=\"http:\/\/www.pap08.eu\/accueil.htm\" target=\"_blank\" rel=\"noopener\">www.pap08.eu\/accueil.htm<\/a>)<\/span><\/p>\n<p><em><strong>La&nbsp;P\u00eache: <\/strong>carte de p\u00eache journali\u00e8re<strong>&nbsp;<\/strong><\/em>: 10\u20ac. Renseignements : F\u00e9d\u00e9ration pour la p\u00eache tel n\u00b0 0(033)324 56 41 32. &nbsp; &nbsp; &nbsp; &nbsp; &nbsp; &nbsp; &nbsp; &nbsp; &nbsp; &nbsp; &nbsp; &nbsp; &nbsp; &nbsp; &nbsp; &nbsp; A Fumay m\u00eame : Caf\u00e9 du Nord<\/p>\n","protected":false},"excerpt":{"rendered":"<p>A partir de la maison vous pouvez faire de jolies promenades, mais aussi faire de la course \u00e0 pied ou de longues parcours en v\u00e9lo. La Meuse, \u00e0 20 m\u00e8tres de &#8216;La Fumacienne&#8217; vous offre la possibilit\u00e9 d&#8217;un acc\u00e8s direct \u00e0 la&nbsp;&#8216;Voie Verte&#8216;, \u00e9lue comme une des meilleures pistes de l&#8217;Europe par un jury de&hellip; <a class=\"more-link\" href=\"https:\/\/www.lafumacienne.com\/?page_id=393\">Lees verder <span class=\"screen-reader-text\">Dans les environs<\/span><\/a><\/p>\n","protected":false},"author":1,"featured_media":0,"parent":0,"menu_order":0,"comment_status":"closed","ping_status":"closed","template":"","meta":{"footnotes":""},"class_list":["post-393","page","type-page","status-publish","hentry","entry"],"_links":{"self":[{"href":"https:\/\/www.lafumacienne.com\/index.php?rest_route=\/wp\/v2\/pages\/393","targetHints":{"allow":["GET"]}}],"collection":[{"href":"https:\/\/www.lafumacienne.com\/index.php?rest_route=\/wp\/v2\/pages"}],"about":[{"href":"https:\/\/www.lafumacienne.com\/index.php?rest_route=\/wp\/v2\/types\/page"}],"author":[{"embeddable":true,"href":"https:\/\/www.lafumacienne.com\/index.php?rest_route=\/wp\/v2\/users\/1"}],"replies":[{"embeddable":true,"href":"https:\/\/www.lafumacienne.com\/index.php?rest_route=%2Fwp%2Fv2%2Fcomments&post=393"}],"version-history":[{"count":30,"href":"https:\/\/www.lafumacienne.com\/index.php?rest_route=\/wp\/v2\/pages\/393\/revisions"}],"predecessor-version":[{"id":1001,"href":"https:\/\/www.lafumacienne.com\/index.php?rest_route=\/wp\/v2\/pages\/393\/revisions\/1001"}],"wp:attachment":[{"href":"https:\/\/www.lafumacienne.com\/index.php?rest_route=%2Fwp%2Fv2%2Fmedia&parent=393"}],"curies":[{"name":"wp","href":"https:\/\/api.w.org\/{rel}","templated":true}]}}