{"id":631,"date":"2018-05-06T07:17:14","date_gmt":"2018-05-06T06:17:14","guid":{"rendered":"http:\/\/www.lafumacienne.be\/?page_id=631"},"modified":"2018-05-06T07:23:59","modified_gmt":"2018-05-06T06:23:59","slug":"contact-2","status":"publish","type":"page","link":"https:\/\/www.lafumacienne.com\/?page_id=631","title":{"rendered":"Contact"},"content":{"rendered":"<p>Si vous souhaitez plus d\u2019information ou si vous voulez une r\u00e9servation n\u2019h\u00e9sitez pas \u00e0 nous contacter par t\u00e9l\u00e9phone au n\u00b0 tel 00 32 475 29 21 91 ou par courriel <a href=\"mailto:yves.putman@gmail.com\">yves.putman@gmail.com<\/a>.<\/p>\n","protected":false},"excerpt":{"rendered":"<p>Si vous souhaitez plus d\u2019information ou si vous voulez une r\u00e9servation n\u2019h\u00e9sitez pas \u00e0 nous contacter par t\u00e9l\u00e9phone au n\u00b0 tel 00 32 475 29 21 91 ou par courriel yves.putman@gmail.com.<\/p>\n","protected":false},"author":1,"featured_media":0,"parent":0,"menu_order":0,"comment_status":"closed","ping_status":"closed","template":"onecolumn-page.php","meta":{"footnotes":""},"class_list":["post-631","page","type-page","status-publish","hentry","entry"],"_links":{"self":[{"href":"https:\/\/www.lafumacienne.com\/index.php?rest_route=\/wp\/v2\/pages\/631","targetHints":{"allow":["GET"]}}],"collection":[{"href":"https:\/\/www.lafumacienne.com\/index.php?rest_route=\/wp\/v2\/pages"}],"about":[{"href":"https:\/\/www.lafumacienne.com\/index.php?rest_route=\/wp\/v2\/types\/page"}],"author":[{"embeddable":true,"href":"https:\/\/www.lafumacienne.com\/index.php?rest_route=\/wp\/v2\/users\/1"}],"replies":[{"embeddable":true,"href":"https:\/\/www.lafumacienne.com\/index.php?rest_route=%2Fwp%2Fv2%2Fcomments&post=631"}],"version-history":[{"count":3,"href":"https:\/\/www.lafumacienne.com\/index.php?rest_route=\/wp\/v2\/pages\/631\/revisions"}],"predecessor-version":[{"id":640,"href":"https:\/\/www.lafumacienne.com\/index.php?rest_route=\/wp\/v2\/pages\/631\/revisions\/640"}],"wp:attachment":[{"href":"https:\/\/www.lafumacienne.com\/index.php?rest_route=%2Fwp%2Fv2%2Fmedia&parent=631"}],"curies":[{"name":"wp","href":"https:\/\/api.w.org\/{rel}","templated":true}]}}